{"id":12813,"date":"2016-07-21T20:22:42","date_gmt":"2016-07-21T18:22:42","guid":{"rendered":"https:\/\/new.ericgizard.com\/?page_id=12813"},"modified":"2025-10-03T15:25:21","modified_gmt":"2025-10-03T13:25:21","slug":"mentions-legales","status":"publish","type":"page","link":"https:\/\/new.ericgizard.com\/en\/mentions-legales\/","title":{"rendered":"Mentions l\u00e9gales"},"content":{"rendered":"<p><div class=\"fusion-fullwidth fullwidth-box fusion-builder-row-2 hundred-percent-fullwidth non-hundred-percent-height-scrolling\" style=\"--awb-border-radius-top-left:0px;--awb-border-radius-top-right:0px;--awb-border-radius-bottom-right:0px;--awb-border-radius-bottom-left:0px;--awb-overflow:visible;--awb-flex-wrap:wrap;\" ><div class=\"fusion-builder-row fusion-row\"><div class=\"fusion-layout-column fusion_builder_column fusion-builder-column-1 fusion_builder_column_1_1 1_1 fusion-one-full fusion-column-first fusion-column-last fusion-column-no-min-height\" style=\"--awb-bg-size:cover;--awb-margin-bottom:0px;\"><div class=\"fusion-column-wrapper fusion-flex-column-wrapper-legacy\"><div class=\"fusion-text fusion-text-2\" style=\"--awb-text-transform:none;\"><p><strong>A propos de www.new.ericgizard.com<\/strong><\/p>\n<p><strong>Directeur de publication<\/strong><\/p>\n<p>Nom de l\u2019\u00e9diteur : Eric Gizard<br \/>\nAdresse : 2410 route du Puech Delagarde. 12290 segur \u2013 FRANCE<br \/>\nT\u00e9l\u00e9phone :\u00a0<span id=\"skype_c2c_container\" dir=\"ltr\" data-numbertocall=\"+33134205020\" data-isfreecall=\"false\" data-isrtl=\"false\" data-ismobile=\"false\"><span dir=\"ltr\"><span id=\"non_free_num_ui\"> +33(0)6 7227 33 11<br \/>\n<\/span><\/span><\/span><\/p>\n<p>Mail :eric@new.ericgizard.com<span id=\"skype_c2c_container\" dir=\"ltr\" data-numbertocall=\"+33134205020\" data-isfreecall=\"false\" data-isrtl=\"false\" data-ismobile=\"false\"><span id=\"non_free_num_ui\"><\/span><\/span><br \/>\nSite internet : www.new.ericgizard.com<\/p>\n<p><strong>Conception graphique et d\u00e9veloppement<\/strong><\/p>\n<p><strong>Singing Dodo<\/strong><br \/>\n<a href=\"https:\/\/singingdodo.com\" target=\"_blank\" rel=\"noopener noreferrer\">www.collectif-insight.com<\/a><\/p>\n<p><strong>H\u00e9bergeur<\/strong><br \/>\nH\u00e9bergement<br \/>\nAdresse<br \/>\nRegistre du commerce et des soci\u00e9t\u00e9s<br \/>\nde\u00a0 &#8230;&#8230;&#8230;&#8230;.\u00a0 no.<\/p>\n<p><strong>Propri\u00e9t\u00e9 intellectuelle et droits d\u2019auteur<\/strong><\/p>\n<p>En vertu de l\u2019article L.122-4 du code de la propri\u00e9t\u00e9 intellectuelle \u00ab Toute repr\u00e9sentation ou reproduction int\u00e9grale ou partielle faite sans le consentement de l\u2019auteur ou de ses ayants droit ou ayants cause est illicite. Il en est de m\u00eame pour la traduction, l\u2019adaptation ou la transformation, l\u2019arrangement ou la reproduction par un art ou un proc\u00e9d\u00e9 quelconque. \u00bb<\/p>\n<p>Les textes, images, sons, vid\u00e9os, bases ou fichiers de donn\u00e9es sont prot\u00e9g\u00e9s par les droits d\u2019auteur et leur utilisation, reproduction, exploitation ou diffusion non envisag\u00e9es sont interdites sauf autorisation expresse de Eric Gizard. Passer outre est susceptible de constituer un acte de contrefa\u00e7on engageant les responsabilit\u00e9s civiles et p\u00e9nales de tout contrevenant.<\/p>\n<p>La mise en place d\u2019un lien hypertexte pointant vers l\u2019adresse www.new.ericgizard.com est autoris\u00e9e mis \u00e0 part pour tout site web contenant des informations \u00e0 caract\u00e8re pornographique, x\u00e9nophobe, politique, religieux, ainsi que tout site contenant des caract\u00e8res allant \u00e0 l\u2019encontre des bonnes m\u0153urs et de l\u2019ordre public.<\/p>\n<p>Eric Gizard n\u2019est en aucun cas responsable du contenu des sites sur lesquelles il apparait en hyperlien.<\/p>\n<p><strong>Droit d\u2019acc\u00e8s, de modification et de suppression<\/strong><br \/>\nLes adresses \u00e9lectroniques ou autres informations nominatives ne sont recueillies sur le site <a href=\"http:\/\/www.new.ericgizard.com\/\">www.new.ericgizard.com\/<\/a> qu\u2019\u00e0 la suite de votre communication volontaire, ces donn\u00e9es n\u2019\u00e9tant utilis\u00e9es que pour l\u2019envoi de la r\u00e9ponse que vous attendez.<\/p>\n<p>Conform\u00e9ment \u00e0 la loi informatique et libert\u00e9 du 6 janvier 1978 modifi\u00e9e par la loi du 6 aout 2004, nous sommes tenus de prendre toutes pr\u00e9cautions utiles, au regard de la nature des donn\u00e9es et des risques pr\u00e9sent\u00e9s par le traitement, pour pr\u00e9server la s\u00e9curit\u00e9 des donn\u00e9es et, notamment, emp\u00eacher qu\u2019elles soient d\u00e9form\u00e9es, endommag\u00e9es, ou que des tiers non autoris\u00e9s y aient acc\u00e8s. Vos donn\u00e9es ne seront donc en aucun cas transmises \u00e0 des tiers, personne physique ou morale.<\/p>\n<p>Vous disposez d\u2019un droit d\u2019acc\u00e8s, de rectification et de suppression concernant les donn\u00e9es qui vous concernent et vous pouvez l&#8217;exercer en nous adressant un mail \u00e0 <a href=\"mailto:information@new.ericgizard.com\">information@new.ericgizard.com<\/a><\/p>\n<\/div><div class=\"fusion-clearfix\"><\/div><\/div><\/div><\/div><\/div><\/p>","protected":false},"excerpt":{"rendered":"","protected":false},"author":1,"featured_media":0,"parent":0,"menu_order":16,"comment_status":"closed","ping_status":"closed","template":"","meta":{"footnotes":""},"class_list":["post-12813","page","type-page","status-publish","hentry"],"aioseo_notices":[],"_links":{"self":[{"href":"https:\/\/new.ericgizard.com\/en\/wp-json\/wp\/v2\/pages\/12813","targetHints":{"allow":["GET"]}}],"collection":[{"href":"https:\/\/new.ericgizard.com\/en\/wp-json\/wp\/v2\/pages"}],"about":[{"href":"https:\/\/new.ericgizard.com\/en\/wp-json\/wp\/v2\/types\/page"}],"author":[{"embeddable":true,"href":"https:\/\/new.ericgizard.com\/en\/wp-json\/wp\/v2\/users\/1"}],"replies":[{"embeddable":true,"href":"https:\/\/new.ericgizard.com\/en\/wp-json\/wp\/v2\/comments?post=12813"}],"version-history":[{"count":0,"href":"https:\/\/new.ericgizard.com\/en\/wp-json\/wp\/v2\/pages\/12813\/revisions"}],"wp:attachment":[{"href":"https:\/\/new.ericgizard.com\/en\/wp-json\/wp\/v2\/media?parent=12813"}],"curies":[{"name":"wp","href":"https:\/\/api.w.org\/{rel}","templated":true}]}}