{"id":19848,"date":"2016-07-24T00:07:01","date_gmt":"2016-07-23T22:07:01","guid":{"rendered":"https:\/\/new.ericgizard.com\/biographie-2\/"},"modified":"2019-04-23T07:12:53","modified_gmt":"2019-04-23T05:12:53","slug":"lagence","status":"publish","type":"page","link":"https:\/\/new.ericgizard.com\/en\/lagence\/","title":{"rendered":"L&#8217;agence"},"content":{"rendered":"<div class=\"fusion-fullwidth fullwidth-box fusion-builder-row-1 nonhundred-percent-fullwidth non-hundred-percent-height-scrolling\" style=\"--awb-border-radius-top-left:0px;--awb-border-radius-top-right:0px;--awb-border-radius-bottom-right:0px;--awb-border-radius-bottom-left:0px;--awb-flex-wrap:wrap;\" ><div class=\"fusion-builder-row fusion-row\"><div class=\"fusion-layout-column fusion_builder_column fusion-builder-column-0 fusion_builder_column_1_3 1_3 fusion-one-third fusion-column-first\" style=\"--awb-bg-size:cover;width:33.333333333333%;width:calc(33.333333333333% - ( ( 4% ) * 0.33333333333333 ) );margin-right: 4%;\"><div class=\"fusion-column-wrapper fusion-flex-column-wrapper-legacy\"><div class=\"fusion-image-element fusion-image-align-left in-legacy-container\" style=\"text-align:left;--awb-caption-title-font-family:var(--h2_typography-font-family);--awb-caption-title-font-weight:var(--h2_typography-font-weight);--awb-caption-title-font-style:var(--h2_typography-font-style);--awb-caption-title-size:var(--h2_typography-font-size);--awb-caption-title-transform:var(--h2_typography-text-transform);--awb-caption-title-line-height:var(--h2_typography-line-height);--awb-caption-title-letter-spacing:var(--h2_typography-letter-spacing);\"><span class=\" fusion-imageframe imageframe-none imageframe-1 hover-type-none\" style=\"margin-right:25px;float:left;\"><img decoding=\"async\" width=\"1000\" height=\"1500\" title=\"EricGizard-Credit-Sisters-Agency-light\" src=\"https:\/\/new.ericgizard.com\/wp-content\/uploads\/2019\/03\/ERIC-GIZARD-PHOTO-1-Credit-Sisters-Agency-light.jpg\" alt class=\"img-responsive wp-image-19806\" srcset=\"https:\/\/new.ericgizard.com\/wp-content\/uploads\/2019\/03\/ERIC-GIZARD-PHOTO-1-Credit-Sisters-Agency-light-200x300.jpg 200w, https:\/\/new.ericgizard.com\/wp-content\/uploads\/2019\/03\/ERIC-GIZARD-PHOTO-1-Credit-Sisters-Agency-light-400x600.jpg 400w, https:\/\/new.ericgizard.com\/wp-content\/uploads\/2019\/03\/ERIC-GIZARD-PHOTO-1-Credit-Sisters-Agency-light-600x900.jpg 600w, https:\/\/new.ericgizard.com\/wp-content\/uploads\/2019\/03\/ERIC-GIZARD-PHOTO-1-Credit-Sisters-Agency-light-800x1200.jpg 800w, https:\/\/new.ericgizard.com\/wp-content\/uploads\/2019\/03\/ERIC-GIZARD-PHOTO-1-Credit-Sisters-Agency-light.jpg 1000w\" sizes=\"(max-width: 800px) 100vw, 400px\" \/><\/span><\/div><div class=\"fusion-text fusion-text-1\"><p style=\"text-align: right;\"><span style=\"font-size: 8pt;\">\u00a9 Sisters agency<\/span><\/p>\n<\/div><div class=\"fusion-clearfix\"><\/div><\/div><\/div><div class=\"fusion-layout-column fusion_builder_column fusion-builder-column-1 fusion_builder_column_2_3 2_3 fusion-two-third fusion-column-last\" style=\"--awb-bg-size:cover;width:66.666666666667%;width:calc(66.666666666667% - ( ( 4% ) * 0.66666666666667 ) );\"><div class=\"fusion-column-wrapper fusion-flex-column-wrapper-legacy\"><div class=\"fusion-text fusion-text-2\"><p>&#8220;Eric est flambloyant et discret ; raffin\u00e9 et raisonnable ; son travail est r\u00e9fl\u00e9chi et nouveau ; peupl\u00e9 d&#8217;intuition, d&#8217;audace, sans jamais virer tape-\u00e0-l&#8217;oeil&#8230;&#8221;<br \/>\nAndr\u00e9e Putman<\/p>\n<\/div><div class=\"fusion-text fusion-text-3\"><p>Eric Gizard puise son inspiration et ses r\u00e9f\u00e9rences dans les Arts D\u00e9coratifs contemporains. Passionn\u00e9 par son \u00e9poque sans renier le pass\u00e9, il intervient sur des sujets tr\u00e8s diversifi\u00e9s en apportant des solutions tr\u00e8s personnelles, toujours marqu\u00e9es d\u2019un style original.<\/p>\n<p>Contrastes affirm\u00e9s, t\u00e9lescopage dans l\u2019usage des mat\u00e9riaux et des couleurs, travail sur des \u201cclairs &#8211; obscurs\u201d, savant dosage de tradition et de modernit\u00e9 sont ses traits d\u2019identit\u00e9.<\/p>\n<p>Explorateur attentif des styles du monde, son terrain d\u2019action le porte \u00e0 intervenir sur une grande diversit\u00e9 de projets: des appartements et boutiques au Japon ; des salons de th\u00e9 en Cor\u00e9e ; des bureaux \u00e0 Shanghai ; l\u2019environnement commercial de marques de cosm\u00e9tiques de luxe en Asie ; des projets h\u00f4teliers et des r\u00e9sidences priv\u00e9es en Europe ; des espaces pr\u00e9sidentiels et boutiques \u00e0 Paris ; le concept d\u2019am\u00e9nagement du grand magasin Printemps \u00e0 Deauville&#8230;<\/p>\n<p>Il a aussi r\u00e9alis\u00e9 les harmonies Cabines des A380 d\u2019Air France et l\u2019am\u00e9nagement de leurs salons VIP \u00e0 travers le monde&#8230;<\/p>\n<p>Ce go\u00fbt affirm\u00e9 pour les rencontres et l\u2019\u00e9clectisme l\u2019ont amen\u00e9 \u00e0 d\u00e9velopper une activit\u00e9 dans le design, en cr\u00e9ant des formes simples, r\u00e9pondant \u00e0 des principes contemporains de l\u00e9g\u00e8ret\u00e9, fluidit\u00e9 et lisibilit\u00e9. En parall\u00e8le de la cr\u00e9ation de lignes de mobiliers pour des \u00e9diteurs, il travaille \u00e9galement \u00e0 la cr\u00e9ation de vaisselle, luminaires et d\u2019objets d\u2019art de la table pour de grandes maisons de luxe fran\u00e7aise.<\/p>\n<\/div><div class=\"fusion-clearfix\"><\/div><\/div><\/div><div class=\"fusion-layout-column fusion_builder_column fusion-builder-column-2 fusion_builder_column_1_2 1_2 fusion-one-half fusion-column-first\" style=\"--awb-bg-size:cover;width:50%;width:calc(50% - ( ( 4% ) * 0.5 ) );margin-right: 4%;\"><div class=\"fusion-column-wrapper fusion-flex-column-wrapper-legacy\"><div class=\"fusion-text fusion-text-4\"><p>[wpdm_carousel category=&#8221;556&#8243; ]<\/p>\n<\/div><div class=\"fusion-clearfix\"><\/div><\/div><\/div><div class=\"fusion-layout-column fusion_builder_column fusion-builder-column-3 fusion_builder_column_1_2 1_2 fusion-one-half fusion-column-last\" style=\"--awb-bg-size:cover;width:50%;width:calc(50% - ( ( 4% ) * 0.5 ) );\"><div class=\"fusion-column-wrapper fusion-flex-column-wrapper-legacy\"><div class=\"fusion-clearfix\"><\/div><\/div><\/div><\/div><\/div>\n","protected":false},"excerpt":{"rendered":"","protected":false},"author":1,"featured_media":0,"parent":0,"menu_order":7,"comment_status":"closed","ping_status":"closed","template":"","meta":{"footnotes":""},"class_list":["post-19848","page","type-page","status-publish","hentry"],"aioseo_notices":[],"_links":{"self":[{"href":"https:\/\/new.ericgizard.com\/en\/wp-json\/wp\/v2\/pages\/19848","targetHints":{"allow":["GET"]}}],"collection":[{"href":"https:\/\/new.ericgizard.com\/en\/wp-json\/wp\/v2\/pages"}],"about":[{"href":"https:\/\/new.ericgizard.com\/en\/wp-json\/wp\/v2\/types\/page"}],"author":[{"embeddable":true,"href":"https:\/\/new.ericgizard.com\/en\/wp-json\/wp\/v2\/users\/1"}],"replies":[{"embeddable":true,"href":"https:\/\/new.ericgizard.com\/en\/wp-json\/wp\/v2\/comments?post=19848"}],"version-history":[{"count":0,"href":"https:\/\/new.ericgizard.com\/en\/wp-json\/wp\/v2\/pages\/19848\/revisions"}],"wp:attachment":[{"href":"https:\/\/new.ericgizard.com\/en\/wp-json\/wp\/v2\/media?parent=19848"}],"curies":[{"name":"wp","href":"https:\/\/api.w.org\/{rel}","templated":true}]}}